{"id":102,"date":"2022-04-11T23:53:57","date_gmt":"2022-04-11T21:53:57","guid":{"rendered":"http:\/\/www.bulleetreparents.be\/wp\/?page_id=102"},"modified":"2024-02-07T20:52:55","modified_gmt":"2024-02-07T19:52:55","slug":"bebe-joue","status":"publish","type":"page","link":"http:\/\/www.bulleetreparents.be\/wp\/etre-parent\/bebe-joue\/","title":{"rendered":"B\u00e9b\u00e9 joue"},"content":{"rendered":"\t\t<div data-elementor-type=\"wp-page\" data-elementor-id=\"102\" class=\"elementor elementor-102\">\n\t\t\t\t\t\t\t\t\t<section class=\"elementor-section elementor-top-section elementor-element elementor-element-1b7dec4c elementor-section-boxed elementor-section-height-default elementor-section-height-default elementor-invisible\" data-id=\"1b7dec4c\" data-element_type=\"section\" data-settings=\"{&quot;background_background&quot;:&quot;classic&quot;,&quot;shape_divider_top&quot;:&quot;curve&quot;,&quot;shape_divider_top_negative&quot;:&quot;yes&quot;,&quot;shape_divider_bottom&quot;:&quot;curve-asymmetrical&quot;,&quot;shape_divider_bottom_negative&quot;:&quot;yes&quot;,&quot;animation&quot;:&quot;fadeIn&quot;}\">\n\t\t\t\t\t\t\t<div class=\"elementor-background-overlay\"><\/div>\n\t\t\t\t\t\t<div class=\"elementor-shape elementor-shape-top\" data-negative=\"true\">\n\t\t\t<svg xmlns=\"http:\/\/www.w3.org\/2000\/svg\" viewBox=\"0 0 1000 100\" preserveAspectRatio=\"none\">\n\t<path class=\"elementor-shape-fill\" d=\"M500,97C126.7,96.3,0.8,19.8,0,0v100l1000,0V1C1000,19.4,873.3,97.8,500,97z\"\/>\n<\/svg>\t\t<\/div>\n\t\t\t\t<div class=\"elementor-shape elementor-shape-bottom\" data-negative=\"true\">\n\t\t\t<svg xmlns=\"http:\/\/www.w3.org\/2000\/svg\" viewBox=\"0 0 1000 100\" preserveAspectRatio=\"none\">\n\t<path class=\"elementor-shape-fill\" d=\"M615.2,96.7C240.2,97.8,0,18.9,0,0v100h1000V0C1000,19.2,989.8,96,615.2,96.7z\"\/>\n<\/svg>\t\t<\/div>\n\t\t\t\t\t<div class=\"elementor-container elementor-column-gap-default\">\n\t\t\t\t\t<div class=\"elementor-column elementor-col-100 elementor-top-column elementor-element elementor-element-45c97a01\" data-id=\"45c97a01\" data-element_type=\"column\">\n\t\t\t<div class=\"elementor-widget-wrap elementor-element-populated\">\n\t\t\t\t\t\t\t\t<div class=\"elementor-element elementor-element-6add0cc7 elementor-widget elementor-widget-heading\" data-id=\"6add0cc7\" data-element_type=\"widget\" data-widget_type=\"heading.default\">\n\t\t\t\t<div class=\"elementor-widget-container\">\n\t\t\t<style>\/*! elementor - v3.16.0 - 09-10-2023 *\/\n.elementor-heading-title{padding:0;margin:0;line-height:1}.elementor-widget-heading .elementor-heading-title[class*=elementor-size-]>a{color:inherit;font-size:inherit;line-height:inherit}.elementor-widget-heading .elementor-heading-title.elementor-size-small{font-size:15px}.elementor-widget-heading .elementor-heading-title.elementor-size-medium{font-size:19px}.elementor-widget-heading .elementor-heading-title.elementor-size-large{font-size:29px}.elementor-widget-heading .elementor-heading-title.elementor-size-xl{font-size:39px}.elementor-widget-heading .elementor-heading-title.elementor-size-xxl{font-size:59px}<\/style><h3 class=\"elementor-heading-title elementor-size-large\">B\u00e9b\u00e9 joue<\/h3>\t\t<\/div>\n\t\t\t\t<\/div>\n\t\t\t\t<div class=\"elementor-element elementor-element-3028df0a elementor-widget-divider--view-line elementor-widget elementor-widget-divider\" data-id=\"3028df0a\" data-element_type=\"widget\" data-widget_type=\"divider.default\">\n\t\t\t\t<div class=\"elementor-widget-container\">\n\t\t\t<style>\/*! elementor - v3.16.0 - 09-10-2023 *\/\n.elementor-widget-divider{--divider-border-style:none;--divider-border-width:1px;--divider-color:#0c0d0e;--divider-icon-size:20px;--divider-element-spacing:10px;--divider-pattern-height:24px;--divider-pattern-size:20px;--divider-pattern-url:none;--divider-pattern-repeat:repeat-x}.elementor-widget-divider .elementor-divider{display:flex}.elementor-widget-divider .elementor-divider__text{font-size:15px;line-height:1;max-width:95%}.elementor-widget-divider .elementor-divider__element{margin:0 var(--divider-element-spacing);flex-shrink:0}.elementor-widget-divider .elementor-icon{font-size:var(--divider-icon-size)}.elementor-widget-divider .elementor-divider-separator{display:flex;margin:0;direction:ltr}.elementor-widget-divider--view-line_icon .elementor-divider-separator,.elementor-widget-divider--view-line_text .elementor-divider-separator{align-items:center}.elementor-widget-divider--view-line_icon .elementor-divider-separator:after,.elementor-widget-divider--view-line_icon .elementor-divider-separator:before,.elementor-widget-divider--view-line_text .elementor-divider-separator:after,.elementor-widget-divider--view-line_text .elementor-divider-separator:before{display:block;content:\"\";border-bottom:0;flex-grow:1;border-top:var(--divider-border-width) var(--divider-border-style) var(--divider-color)}.elementor-widget-divider--element-align-left .elementor-divider .elementor-divider-separator>.elementor-divider__svg:first-of-type{flex-grow:0;flex-shrink:100}.elementor-widget-divider--element-align-left .elementor-divider-separator:before{content:none}.elementor-widget-divider--element-align-left .elementor-divider__element{margin-left:0}.elementor-widget-divider--element-align-right .elementor-divider .elementor-divider-separator>.elementor-divider__svg:last-of-type{flex-grow:0;flex-shrink:100}.elementor-widget-divider--element-align-right .elementor-divider-separator:after{content:none}.elementor-widget-divider--element-align-right .elementor-divider__element{margin-right:0}.elementor-widget-divider:not(.elementor-widget-divider--view-line_text):not(.elementor-widget-divider--view-line_icon) .elementor-divider-separator{border-top:var(--divider-border-width) var(--divider-border-style) var(--divider-color)}.elementor-widget-divider--separator-type-pattern{--divider-border-style:none}.elementor-widget-divider--separator-type-pattern.elementor-widget-divider--view-line .elementor-divider-separator,.elementor-widget-divider--separator-type-pattern:not(.elementor-widget-divider--view-line) .elementor-divider-separator:after,.elementor-widget-divider--separator-type-pattern:not(.elementor-widget-divider--view-line) .elementor-divider-separator:before,.elementor-widget-divider--separator-type-pattern:not([class*=elementor-widget-divider--view]) .elementor-divider-separator{width:100%;min-height:var(--divider-pattern-height);-webkit-mask-size:var(--divider-pattern-size) 100%;mask-size:var(--divider-pattern-size) 100%;-webkit-mask-repeat:var(--divider-pattern-repeat);mask-repeat:var(--divider-pattern-repeat);background-color:var(--divider-color);-webkit-mask-image:var(--divider-pattern-url);mask-image:var(--divider-pattern-url)}.elementor-widget-divider--no-spacing{--divider-pattern-size:auto}.elementor-widget-divider--bg-round{--divider-pattern-repeat:round}.rtl .elementor-widget-divider .elementor-divider__text{direction:rtl}.e-con-inner>.elementor-widget-divider,.e-con>.elementor-widget-divider{width:var(--container-widget-width,100%);--flex-grow:var(--container-widget-flex-grow)}<\/style>\t\t<div class=\"elementor-divider\">\n\t\t\t<span class=\"elementor-divider-separator\">\n\t\t\t\t\t\t<\/span>\n\t\t<\/div>\n\t\t\t\t<\/div>\n\t\t\t\t<\/div>\n\t\t\t\t<div class=\"elementor-element elementor-element-1e221b2f elementor-position-left elementor-vertical-align-middle animated-slow elementor-invisible elementor-widget elementor-widget-image-box\" data-id=\"1e221b2f\" data-element_type=\"widget\" data-settings=\"{&quot;_animation&quot;:&quot;zoomIn&quot;}\" data-widget_type=\"image-box.default\">\n\t\t\t\t<div class=\"elementor-widget-container\">\n\t\t\t<style>\/*! elementor - v3.16.0 - 09-10-2023 *\/\n.elementor-widget-image-box .elementor-image-box-content{width:100%}@media (min-width:768px){.elementor-widget-image-box.elementor-position-left .elementor-image-box-wrapper,.elementor-widget-image-box.elementor-position-right .elementor-image-box-wrapper{display:flex}.elementor-widget-image-box.elementor-position-right .elementor-image-box-wrapper{text-align:right;flex-direction:row-reverse}.elementor-widget-image-box.elementor-position-left .elementor-image-box-wrapper{text-align:left;flex-direction:row}.elementor-widget-image-box.elementor-position-top .elementor-image-box-img{margin:auto}.elementor-widget-image-box.elementor-vertical-align-top .elementor-image-box-wrapper{align-items:flex-start}.elementor-widget-image-box.elementor-vertical-align-middle .elementor-image-box-wrapper{align-items:center}.elementor-widget-image-box.elementor-vertical-align-bottom .elementor-image-box-wrapper{align-items:flex-end}}@media (max-width:767px){.elementor-widget-image-box .elementor-image-box-img{margin-left:auto!important;margin-right:auto!important;margin-bottom:15px}}.elementor-widget-image-box .elementor-image-box-img{display:inline-block}.elementor-widget-image-box .elementor-image-box-title a{color:inherit}.elementor-widget-image-box .elementor-image-box-wrapper{text-align:center}.elementor-widget-image-box .elementor-image-box-description{margin:0}<\/style><div class=\"elementor-image-box-wrapper\"><figure class=\"elementor-image-box-img\"><img loading=\"lazy\" decoding=\"async\" width=\"724\" height=\"1024\" src=\"http:\/\/www.bulleetreparents.be\/wp\/wp-content\/uploads\/2023\/10\/Bulle-Jeu-72dpi-724x1024.jpg\" class=\"attachment-large size-large wp-image-722\" alt=\"\" srcset=\"http:\/\/www.bulleetreparents.be\/wp\/wp-content\/uploads\/2023\/10\/Bulle-Jeu-72dpi-724x1024.jpg 724w, http:\/\/www.bulleetreparents.be\/wp\/wp-content\/uploads\/2023\/10\/Bulle-Jeu-72dpi-212x300.jpg 212w, http:\/\/www.bulleetreparents.be\/wp\/wp-content\/uploads\/2023\/10\/Bulle-Jeu-72dpi-768x1086.jpg 768w, http:\/\/www.bulleetreparents.be\/wp\/wp-content\/uploads\/2023\/10\/Bulle-Jeu-72dpi-1086x1536.jpg 1086w, http:\/\/www.bulleetreparents.be\/wp\/wp-content\/uploads\/2023\/10\/Bulle-Jeu-72dpi.jpg 1389w\" sizes=\"auto, (max-width: 724px) 100vw, 724px\" \/><\/figure><div class=\"elementor-image-box-content\"><h3 class=\"elementor-image-box-title\">Temps de lecture : 1'30<\/h3><p class=\"elementor-image-box-description\"><br><i><b>\"Je suis tout-petit mais j'aime d\u00e9j\u00e0 jouer :  j'adore mettre mes mains ou mes pieds dans ma bouche, essayer d'attraper ce qui est au-dessus de moi, vous \u00e9couter chanter, jouer dans l'eau \u00bb. <br><\/b><\/i><br>\nAu d\u00e9but, ce sont \u00e9videmment des jeux simples mais qui permettent de d\u00e9velopper tout un tas de choses chez votre b\u00e9b\u00e9 : conna\u00eetre son corps, reconna\u00eetre des odeurs, des sons, etc. Ces jeux lui permettent de passer un bon moment avec vous et de cr\u00e9er du lien. \n<br><br>\n<b><i>\"Je pourrais vous regarder vous cacher le visage et me faire coucou ou jeter des choses par terre pendant des heures\u2026c'est trop dr\u00f4le !\".<\/i><\/b><br><br>\nCertains jeux, m\u00eame s'ils peuvent devenir aga\u00e7ants pour les adultes \u00e0 force de les r\u00e9p\u00e9ter, sont importants pour l'enfant. Ce type de jeu leur permet d'apprendre que quand quelque chose ou quelqu'un \"disparait\", il ne l'a pas perdu et va revenir. \nParfois en tant que parent, on n\u2019a pas envie de jouer, on trouve \u00e7a \u00ab gaga \u00bb, ou on n\u2019a tout simplement pas toujours le temps. Ce n\u2019est pas forc\u00e9ment n\u00e9cessaire d\u2019\u00eatre acteur dans le jeu, parfois accompagner, s\u2019installer \u00e0 c\u00f4t\u00e9 de b\u00e9b\u00e9, le regarder, lui sourire, suffit.\n\n<br><br><br><br><br><\/p><\/div><\/div>\t\t<\/div>\n\t\t\t\t<\/div>\n\t\t\t\t\t<\/div>\n\t\t<\/div>\n\t\t\t\t\t\t\t<\/div>\n\t\t<\/section>\n\t\t\t\t\t\t\t<\/div>\n\t\t","protected":false},"excerpt":{"rendered":"<p>B\u00e9b\u00e9 joue Temps de lecture : 1&rsquo;30 \u00ab\u00a0Je suis tout-petit mais j&rsquo;aime d\u00e9j\u00e0 jouer : j&rsquo;adore mettre mes mains ou mes pieds dans ma bouche, essayer d&rsquo;attraper ce qui est au-dessus de moi, vous \u00e9couter chanter, jouer dans l&rsquo;eau \u00bb. Au d\u00e9but, ce sont \u00e9videmment des jeux simples mais qui permettent de d\u00e9velopper tout un [&hellip;]<\/p>\n","protected":false},"author":1,"featured_media":0,"parent":92,"menu_order":0,"comment_status":"closed","ping_status":"closed","template":"elementor_header_footer","meta":{"footnotes":""},"class_list":["post-102","page","type-page","status-publish","hentry","entry"],"_links":{"self":[{"href":"http:\/\/www.bulleetreparents.be\/wp\/wp-json\/wp\/v2\/pages\/102","targetHints":{"allow":["GET"]}}],"collection":[{"href":"http:\/\/www.bulleetreparents.be\/wp\/wp-json\/wp\/v2\/pages"}],"about":[{"href":"http:\/\/www.bulleetreparents.be\/wp\/wp-json\/wp\/v2\/types\/page"}],"author":[{"embeddable":true,"href":"http:\/\/www.bulleetreparents.be\/wp\/wp-json\/wp\/v2\/users\/1"}],"replies":[{"embeddable":true,"href":"http:\/\/www.bulleetreparents.be\/wp\/wp-json\/wp\/v2\/comments?post=102"}],"version-history":[{"count":25,"href":"http:\/\/www.bulleetreparents.be\/wp\/wp-json\/wp\/v2\/pages\/102\/revisions"}],"predecessor-version":[{"id":1980,"href":"http:\/\/www.bulleetreparents.be\/wp\/wp-json\/wp\/v2\/pages\/102\/revisions\/1980"}],"up":[{"embeddable":true,"href":"http:\/\/www.bulleetreparents.be\/wp\/wp-json\/wp\/v2\/pages\/92"}],"wp:attachment":[{"href":"http:\/\/www.bulleetreparents.be\/wp\/wp-json\/wp\/v2\/media?parent=102"}],"curies":[{"name":"wp","href":"https:\/\/api.w.org\/{rel}","templated":true}]}}